{"id":1262,"date":"2026-03-18T15:08:37","date_gmt":"2026-03-18T14:08:37","guid":{"rendered":"https:\/\/forum-acusticum.org\/fa2026\/?page_id=1262"},"modified":"2026-03-19T09:23:29","modified_gmt":"2026-03-19T08:23:29","slug":"reduced-travel-fares","status":"publish","type":"page","link":"https:\/\/forum-acusticum.org\/fa2026\/index.php\/reduced-travel-fares\/","title":{"rendered":"Green Travel Fare"},"content":{"rendered":"\n<div class=\"wp-block-group has-global-padding is-layout-constrained wp-block-group-is-layout-constrained\"><figure class=\"wp-block-ub-image aligncenter size-large is-resized is-style-rounded\" id=\"ub-image-\"><img decoding=\"async\" src=\"https:\/\/forum-acusticum.org\/fa2026\/wp-content\/uploads\/2026\/03\/trainspotterflo-train-5450300-scaled.jpg\" alt=\"\" class=\"wp-image-1\" style=\"width: 670px; height: 446.6666666666667px; border-top: 0px none; border-right: 0px none; border-bottom: 0px none; border-left: 0px none; border-top-left-radius: 0px; border-top-right-radius: 0px; border-bottom-left-radius: 0px; border-bottom-right-radius: 0px; \"><\/figure><\/div>\n\n\n\n<p>As certified Green Event we are committed to staging a low-impact, high-quality congress. <\/p>\n\n\n\n<p>Travel sustainably with \u00d6BB \u2014 Arrive relaxed and reduce your CO\u2082 footprint by taking the train. Thanks to our partnership with Austrian Federal Railways (\u00d6BB), registered congress attendees benefit from:<\/p>\n\n\n\n<ul class=\"wp-block-list\">\n<li>22% discount on the <strong>\u00d6BB standard fare<\/strong><\/li>\n\n\n\n<li>10% discount on the <strong>international standard fare<\/strong><\/li>\n\n\n\n<li>Special prices on the <strong>\u00d6BB Nightjet<\/strong><\/li>\n<\/ul>\n\n\n\n<p><strong>How to benefit<\/strong>:<\/p>\n\n\n\n<p>After you have completed <a href=\"https:\/\/forum-acusticum.org\/fa2026\/index.php\/registration\/\" data-type=\"page\" data-id=\"588\">registration<\/a> you will see the necessary information on creating an \u00d6BB congress account in your <a href=\"https:\/\/conforg.fr\/bin\/IA\/reg_fa2026_en\" target=\"_blank\" rel=\"noreferrer noopener\">personal registration page<\/a>. This includes a link for creating the account and the necessary TAN.<br>Click on the link and enter the TAN code there. You will then be able to register as a new customer using your e-mail address and book your journey to Forum Acusticum 2026 in a relaxed manner. Please note that each person has to create a new \u00d6BB account specifically for this congress. It is not possible to use an existing \u00d6BB account as each e-mail address can only be used once in the \u00d6BB booking system.<br>Registering entitles you to a 22% congress discount on the \u00d6BB standard fare, 10% off the international standard fare, and a special price for the \u00d6BB Nightjet when making your booking. Your customer account for the congress will be automatically deleted after the event and therefore after your return journey.<\/p>\n","protected":false},"excerpt":{"rendered":"<p>As certified Green Event we are committed to staging a low-impact, high-quality congress. Travel sustainably with \u00d6BB \u2014 Arrive relaxed and reduce your CO\u2082 footprint by taking the train. Thanks [&hellip;]<\/p>\n","protected":false},"author":2,"featured_media":0,"parent":0,"menu_order":0,"comment_status":"closed","ping_status":"closed","template":"","meta":{"inline_featured_image":false,"ub_ctt_via":"","_EventAllDay":false,"_EventTimezone":"","_EventStartDate":"","_EventEndDate":"","_EventStartDateUTC":"","_EventEndDateUTC":"","_EventShowMap":false,"_EventShowMapLink":false,"_EventURL":"","_EventCost":"","_EventCostDescription":"","_EventCurrencySymbol":"","_EventCurrencyCode":"","_EventCurrencyPosition":"","_EventDateTimeSeparator":"","_EventTimeRangeSeparator":"","_EventOrganizerID":[],"_EventVenueID":[],"_OrganizerEmail":"","_OrganizerPhone":"","_OrganizerWebsite":"","_VenueAddress":"","_VenueCity":"","_VenueCountry":"","_VenueProvince":"","_VenueState":"","_VenueZip":"","_VenuePhone":"","_VenueURL":"","_VenueStateProvince":"","_VenueLat":"","_VenueLng":"","_VenueShowMap":false,"_VenueShowMapLink":false,"footnotes":""},"class_list":["post-1262","page","type-page","status-publish","hentry"],"featured_image_src":null,"_links":{"self":[{"href":"https:\/\/forum-acusticum.org\/fa2026\/index.php\/wp-json\/wp\/v2\/pages\/1262","targetHints":{"allow":["GET"]}}],"collection":[{"href":"https:\/\/forum-acusticum.org\/fa2026\/index.php\/wp-json\/wp\/v2\/pages"}],"about":[{"href":"https:\/\/forum-acusticum.org\/fa2026\/index.php\/wp-json\/wp\/v2\/types\/page"}],"author":[{"embeddable":true,"href":"https:\/\/forum-acusticum.org\/fa2026\/index.php\/wp-json\/wp\/v2\/users\/2"}],"replies":[{"embeddable":true,"href":"https:\/\/forum-acusticum.org\/fa2026\/index.php\/wp-json\/wp\/v2\/comments?post=1262"}],"version-history":[{"count":14,"href":"https:\/\/forum-acusticum.org\/fa2026\/index.php\/wp-json\/wp\/v2\/pages\/1262\/revisions"}],"predecessor-version":[{"id":1354,"href":"https:\/\/forum-acusticum.org\/fa2026\/index.php\/wp-json\/wp\/v2\/pages\/1262\/revisions\/1354"}],"wp:attachment":[{"href":"https:\/\/forum-acusticum.org\/fa2026\/index.php\/wp-json\/wp\/v2\/media?parent=1262"}],"curies":[{"name":"wp","href":"https:\/\/api.w.org\/{rel}","templated":true}]}}